{"id":24,"date":"2021-07-08T07:59:24","date_gmt":"2021-07-08T07:59:24","guid":{"rendered":"http:\/\/fastwpdemo.com\/newwp\/purehearts\/?page_id=24"},"modified":"2022-05-10T06:27:04","modified_gmt":"2022-05-10T06:27:04","slug":"home-page-02","status":"publish","type":"page","link":"https:\/\/margineanu.ro\/fundatie\/","title":{"rendered":"Home Page 02"},"content":{"rendered":"\t\t<div data-elementor-type=\"wp-page\" data-elementor-id=\"24\" class=\"elementor elementor-24\">\n\t\t\t\t\t\t\t\t\t<section class=\"elementor-section elementor-top-section elementor-element elementor-element-518118b elementor-section-full_width elementor-section-height-default elementor-section-height-default\" data-id=\"518118b\" data-element_type=\"section\">\n\t\t\t\t\t\t<div class=\"elementor-container elementor-column-gap-default\">\n\t\t\t\t\t<div class=\"elementor-column elementor-col-100 elementor-top-column elementor-element elementor-element-f4c0ec6\" data-id=\"f4c0ec6\" data-element_type=\"column\">\n\t\t\t<div class=\"elementor-widget-wrap\">\n\t\t\t\t\t\t\t\t\t<\/div>\n\t\t<\/div>\n\t\t\t\t\t\t\t<\/div>\n\t\t<\/section>\n\t\t\t\t<section class=\"elementor-section elementor-top-section elementor-element elementor-element-a7b0f29 elementor-section-full_width elementor-section-height-default elementor-section-height-default\" data-id=\"a7b0f29\" data-element_type=\"section\">\n\t\t\t\t\t\t<div class=\"elementor-container elementor-column-gap-default\">\n\t\t\t\t\t<div class=\"elementor-column elementor-col-100 elementor-top-column elementor-element elementor-element-234aaa3\" data-id=\"234aaa3\" data-element_type=\"column\">\n\t\t\t<div class=\"elementor-widget-wrap elementor-element-populated\">\n\t\t\t\t\t\t\t\t<div class=\"elementor-element elementor-element-bf1b268 elementor-widget__width-inherit elementor-widget elementor-widget-purehearts_about_us\" data-id=\"bf1b268\" data-element_type=\"widget\" id=\"home_page_purpose\" data-widget_type=\"purehearts_about_us.default\">\n\t\t\t\t<div class=\"elementor-widget-container\">\n\t\t\t        \n         <!-- about-section -->\n        <section class=\"about-section sec-pad\" id=\"about\">\n                        <div class=\"auto-container\">\n                <div class=\"row clearfix\">\n                                        <div class=\"col-lg-6 col-md-12 col-sm-12 content-column\">\n                        <div class=\"content_block_1\">\n                            <div class=\"content-box\">\n                                <div class=\"inner\">\n                                                                                                            <div class=\"text\">\n                                        <h4 class=\"\">Funda\u021bia psiholog Nicolae M\u0103rgineanu<br><\/h3>\n<br>\n\n\n\n<blockquote>\n<\/br><\/br>\n<div class=\"text custom_text\">\n       <div class=\"icon-box custom_icon_box\">\n             <i class=\"fa fa-quote-left custom_fa\"><\/i>\n       <\/div>\n<\/div>\n<h2><i>Sus\u021binem excelen\u021ba \u0218colii Ardelene<\/i><\/h2><br><br>\n<h3>Aceasta funda\u021bie a fost \u00eenfiin\u021bata in primul r\u00e2nd din dorin\u021ba de a sus\u021bine elevii \u0219i studen\u021bii performan\u021bi \u00een \u0219tiin\u021be umaniste din Transilvania.\nCredem \u00een necesitatea \u0219i reala importan\u021ba a educa\u021biei pentru dezvoltarea societ\u0103\u021bii noastre. Din acest punct de vedere, avem convingerea c\u0103 v\u00e2rfurile meritocratice, elevii \u0219i studen\u021bii cu v\u0103dite inclina\u021bii academice demonstrate, vectori in crearea competitivit\u0103\u021bii si stimul\u0103rii mediului educa\u021bional, sunt cei care trebuie ajuta\u021bi in mod real, concret si sus\u021binut.\nSuntem deschi\u0219i in vederea \u00eencheierii de variate parteneriate cu organiza\u021bii non profit, asocia\u021bii si funda\u021bii ori persoane publice sau private care \u00eemp\u0103rt\u0103\u0219esc acelea\u0219i valori si au acela\u0219i scop ca noi.\nDorim s\u0103 devenim un partener activ pentru proiecte educa\u021bionale \u0219i vom \u00eencerca s\u0103 ne adapt\u0103m de fiecare dat\u0103 la nevoile comunit\u0103\u021bii. Respectam valorile organiza\u021biei, codul etic si deontologia profesional\u0103.\n<\/h4>\n<\/br><\/br>\n<\/blockquote>\n\n\t                                    <\/div>\n                                                                                                            <div class=\"btn-box\">\n                                        <a href=\"http:\/\/margineanu.ro\/fundatie\/despre\/\" class=\"theme-btn btn-one\">Cite\u0219te mai mult<\/a>\n                                    <\/div>\n                                                                    <\/div>\n                                <div class=\"funfact-inner\">\n                                                                        <div class=\"counter-block-one wow fadeInRight animated animated\" data-wow-delay=\"00ms\" data-wow-duration=\"1500ms\">\n                                        <div class=\"inner-box\">\n                                            <div class=\"icon-box\"><i class=\"fa fa-arrow-alt-from-top\"><\/i><\/div>\n                                            <div class=\"count-outer count-box\">\n                                                <span class=\"count-text\" data-speed=\"1500\" data-stop=\"\"><\/span>                                            <\/div>\n                                            <h4><\/h4>\n                                        <\/div>\n                                    <\/div>\n                                                                    <\/div>\n                            <\/div>\n                        <\/div>\n                    <\/div>\n                <\/div>\n            <\/div>\n        <\/section>\n        <!-- about-section end -->\n        \n\t\t\t\t<\/div>\n\t\t\t\t<\/div>\n\t\t\t\t\t<\/div>\n\t\t<\/div>\n\t\t\t\t\t\t\t<\/div>\n\t\t<\/section>\n\t\t\t\t<section class=\"elementor-section elementor-top-section elementor-element elementor-element-e5e37f1 elementor-section-boxed elementor-section-height-default elementor-section-height-default\" data-id=\"e5e37f1\" data-element_type=\"section\">\n\t\t\t\t\t\t<div class=\"elementor-container elementor-column-gap-default\">\n\t\t\t\t\t<div class=\"elementor-column elementor-col-100 elementor-top-column elementor-element elementor-element-e362ae4\" data-id=\"e362ae4\" data-element_type=\"column\">\n\t\t\t<div class=\"elementor-widget-wrap elementor-element-populated\">\n\t\t\t\t\t\t\t\t<div class=\"elementor-element elementor-element-c0ef44b elementor-widget elementor-widget-Widget_Slider_Members_V2\" data-id=\"c0ef44b\" data-element_type=\"widget\" id=\"homePage_members_slider\" data-widget_type=\"Widget_Slider_Members_V2.default\">\n\t\t\t\t<div class=\"elementor-widget-container\">\n\t\t\t\t\t\n        <!-- team-section -->\n        <section class=\"team-section centred\" id=\"team\">\n\t\t\t\n                        <div class=\"auto-container\">\n                                <div class=\"sec-title centred\">\n                                        <h2>Membrii funda\u021biei<\/h2>                                    <\/div>\n                                <div class=\"owl-carousel owl-theme owl-nav-none\">\n                    \t\t\t\t\t                    <div class=\"team-block-one\">\n                        <div class=\"inner-box\">\n                            <figure class=\"image-box\"><img loading=\"lazy\" decoding=\"async\" width=\"270\" height=\"400\" src=\"https:\/\/margineanu.ro\/fundatie\/wp-content\/uploads\/2022\/04\/prof_mircea_miclea-270x400.jpg\" class=\"attachment-purehearts_270x400 size-purehearts_270x400 wp-post-image\" alt=\"\" \/><\/figure>\n                            <div class=\"content-box\">\n                                <div class=\"info\">\n                                    <span class=\"designation\">membru onorific<\/span>\n                                    <h3><a href=\"http:\/\/margineanu.ro\/fundatie\/despre-mircea-miclea\/\">Mircea Miclea<\/a><\/h3>\n                                <\/div>\n                                <figure class=\"thumb-box\"><img loading=\"lazy\" decoding=\"async\" width=\"140\" height=\"140\" src=\"https:\/\/margineanu.ro\/fundatie\/wp-content\/uploads\/2022\/04\/prof_mircea_miclea-140x140.jpg\" class=\"attachment-purehearts_140x140 size-purehearts_140x140 wp-post-image\" alt=\"\" srcset=\"https:\/\/margineanu.ro\/fundatie\/wp-content\/uploads\/2022\/04\/prof_mircea_miclea-140x140.jpg 140w, https:\/\/margineanu.ro\/fundatie\/wp-content\/uploads\/2022\/04\/prof_mircea_miclea-150x150.jpg 150w, https:\/\/margineanu.ro\/fundatie\/wp-content\/uploads\/2022\/04\/prof_mircea_miclea-120x120.jpg 120w, https:\/\/margineanu.ro\/fundatie\/wp-content\/uploads\/2022\/04\/prof_mircea_miclea-570x570.jpg 570w, https:\/\/margineanu.ro\/fundatie\/wp-content\/uploads\/2022\/04\/prof_mircea_miclea-370x370.jpg 370w, https:\/\/margineanu.ro\/fundatie\/wp-content\/uploads\/2022\/04\/prof_mircea_miclea-291x291.jpg 291w, https:\/\/margineanu.ro\/fundatie\/wp-content\/uploads\/2022\/04\/prof_mircea_miclea-300x300.jpg 300w, https:\/\/margineanu.ro\/fundatie\/wp-content\/uploads\/2022\/04\/prof_mircea_miclea-100x100.jpg 100w\" sizes=\"(max-width: 140px) 100vw, 140px\" \/><\/figure>\n                                <div class=\"text\">\n                                    <p>Profesor universitar la&hellip;<\/p>\n                                <\/div>\n                            <\/div>\n\t\t\t\t\t\t\t<a class=\"social-links clearfix\" href=\"http:\/\/margineanu.ro\/fundatie\/despre-mircea-miclea\/\">Detalii<\/a>\n                        <\/div>\n                    <\/div>\n                    \t\t\t\t\t                    <div class=\"team-block-one\">\n                        <div class=\"inner-box\">\n                            <figure class=\"image-box\"><img loading=\"lazy\" decoding=\"async\" width=\"152\" height=\"174\" src=\"https:\/\/margineanu.ro\/fundatie\/wp-content\/uploads\/2022\/04\/AdrianOpre_1-1.png\" class=\"attachment-purehearts_270x400 size-purehearts_270x400 wp-post-image\" alt=\"\" \/><\/figure>\n                            <div class=\"content-box\">\n                                <div class=\"info\">\n                                    <span class=\"designation\">membru fondator<\/span>\n                                    <h3><a href=\"http:\/\/margineanu.ro\/fundatie\/despre-adrian-opre\/\">Adrian Opre<\/a><\/h3>\n                                <\/div>\n                                <figure class=\"thumb-box\"><img loading=\"lazy\" decoding=\"async\" width=\"140\" height=\"140\" src=\"https:\/\/margineanu.ro\/fundatie\/wp-content\/uploads\/2022\/04\/AdrianOpre_1-1-140x140.png\" class=\"attachment-purehearts_140x140 size-purehearts_140x140 wp-post-image\" alt=\"\" srcset=\"https:\/\/margineanu.ro\/fundatie\/wp-content\/uploads\/2022\/04\/AdrianOpre_1-1-140x140.png 140w, https:\/\/margineanu.ro\/fundatie\/wp-content\/uploads\/2022\/04\/AdrianOpre_1-1-150x150.png 150w, https:\/\/margineanu.ro\/fundatie\/wp-content\/uploads\/2022\/04\/AdrianOpre_1-1-120x120.png 120w, https:\/\/margineanu.ro\/fundatie\/wp-content\/uploads\/2022\/04\/AdrianOpre_1-1-100x100.png 100w\" sizes=\"(max-width: 140px) 100vw, 140px\" \/><\/figure>\n                                <div class=\"text\">\n                                    <p>S-a nascut in&hellip;<\/p>\n                                <\/div>\n                            <\/div>\n\t\t\t\t\t\t\t<a class=\"social-links clearfix\" href=\"http:\/\/margineanu.ro\/fundatie\/despre-adrian-opre\/\">Detalii<\/a>\n                        <\/div>\n                    <\/div>\n                    \t\t\t\t\t                    <div class=\"team-block-one\">\n                        <div class=\"inner-box\">\n                            <figure class=\"image-box\"><img loading=\"lazy\" decoding=\"async\" width=\"155\" height=\"169\" src=\"https:\/\/margineanu.ro\/fundatie\/wp-content\/uploads\/2022\/04\/Untitled.png\" class=\"attachment-purehearts_270x400 size-purehearts_270x400 wp-post-image\" alt=\"\" \/><\/figure>\n                            <div class=\"content-box\">\n                                <div class=\"info\">\n                                    <span class=\"designation\">membru fondator<\/span>\n                                    <h3><a href=\"http:\/\/margineanu.ro\/fundatie\/about-cristina-anisescu\/\">Cristina Anisescu<\/a><\/h3>\n                                <\/div>\n                                <figure class=\"thumb-box\"><img loading=\"lazy\" decoding=\"async\" width=\"140\" height=\"140\" src=\"https:\/\/margineanu.ro\/fundatie\/wp-content\/uploads\/2022\/04\/Untitled-140x140.png\" class=\"attachment-purehearts_140x140 size-purehearts_140x140 wp-post-image\" alt=\"\" srcset=\"https:\/\/margineanu.ro\/fundatie\/wp-content\/uploads\/2022\/04\/Untitled-140x140.png 140w, https:\/\/margineanu.ro\/fundatie\/wp-content\/uploads\/2022\/04\/Untitled-150x150.png 150w, https:\/\/margineanu.ro\/fundatie\/wp-content\/uploads\/2022\/04\/Untitled-120x120.png 120w, https:\/\/margineanu.ro\/fundatie\/wp-content\/uploads\/2022\/04\/Untitled-100x100.png 100w\" sizes=\"(max-width: 140px) 100vw, 140px\" \/><\/figure>\n                                <div class=\"text\">\n                                    <p>Cristina Anisescu, dr.&hellip;<\/p>\n                                <\/div>\n                            <\/div>\n\t\t\t\t\t\t\t<a class=\"social-links clearfix\" href=\"http:\/\/margineanu.ro\/fundatie\/about-cristina-anisescu\/\">Detalii<\/a>\n                        <\/div>\n                    <\/div>\n                                    <\/div>\n            <\/div>\n        <\/section>\n        <!-- team-section end -->\n                 \n        \t\t<\/div>\n\t\t\t\t<\/div>\n\t\t\t\t\t<\/div>\n\t\t<\/div>\n\t\t\t\t\t\t\t<\/div>\n\t\t<\/section>\n\t\t\t\t\t\t\t<\/div>\n\t\t","protected":false},"excerpt":{"rendered":"<p>Funda\u021bia psiholog Nicolae M\u0103rgineanu Sus\u021binem excelen\u021ba \u0218colii Ardelene Aceasta funda\u021bie a fost \u00eenfiin\u021bata in primul r\u00e2nd din dorin\u021ba de a sus\u021bine elevii [&hellip;]<\/p>\n","protected":false},"author":1,"featured_media":0,"parent":0,"menu_order":0,"comment_status":"closed","ping_status":"closed","template":"tpl-default-elementor.php","meta":{"footnotes":""},"acf":[],"_links":{"self":[{"href":"https:\/\/margineanu.ro\/fundatie\/wp-json\/wp\/v2\/pages\/24"}],"collection":[{"href":"https:\/\/margineanu.ro\/fundatie\/wp-json\/wp\/v2\/pages"}],"about":[{"href":"https:\/\/margineanu.ro\/fundatie\/wp-json\/wp\/v2\/types\/page"}],"author":[{"embeddable":true,"href":"https:\/\/margineanu.ro\/fundatie\/wp-json\/wp\/v2\/users\/1"}],"replies":[{"embeddable":true,"href":"https:\/\/margineanu.ro\/fundatie\/wp-json\/wp\/v2\/comments?post=24"}],"version-history":[{"count":358,"href":"https:\/\/margineanu.ro\/fundatie\/wp-json\/wp\/v2\/pages\/24\/revisions"}],"predecessor-version":[{"id":2873,"href":"https:\/\/margineanu.ro\/fundatie\/wp-json\/wp\/v2\/pages\/24\/revisions\/2873"}],"wp:attachment":[{"href":"https:\/\/margineanu.ro\/fundatie\/wp-json\/wp\/v2\/media?parent=24"}],"curies":[{"name":"wp","href":"https:\/\/api.w.org\/{rel}","templated":true}]}}