{"id":1570,"date":"2022-04-12T07:37:13","date_gmt":"2022-04-12T07:37:13","guid":{"rendered":"http:\/\/margineanu.ro\/fundatie\/?page_id=1570"},"modified":"2022-04-20T09:13:31","modified_gmt":"2022-04-20T09:13:31","slug":"membri","status":"publish","type":"page","link":"https:\/\/margineanu.ro\/fundatie\/membri\/","title":{"rendered":"Membri"},"content":{"rendered":"\t\t<div data-elementor-type=\"wp-page\" data-elementor-id=\"1570\" class=\"elementor elementor-1570\">\n\t\t\t\t\t\t\t\t\t<section class=\"elementor-section elementor-top-section elementor-element elementor-element-fd419dd elementor-section-boxed elementor-section-height-default elementor-section-height-default\" data-id=\"fd419dd\" data-element_type=\"section\">\n\t\t\t\t\t\t<div class=\"elementor-container elementor-column-gap-default\">\n\t\t\t\t\t<div class=\"elementor-column elementor-col-100 elementor-top-column elementor-element elementor-element-38c0c5e\" data-id=\"38c0c5e\" data-element_type=\"column\">\n\t\t\t<div class=\"elementor-widget-wrap\">\n\t\t\t\t\t\t\t\t\t<\/div>\n\t\t<\/div>\n\t\t\t\t\t\t\t<\/div>\n\t\t<\/section>\n\t\t\t\t<section class=\"elementor-section elementor-top-section elementor-element elementor-element-3a58bc3 elementor-section-boxed elementor-section-height-default elementor-section-height-default\" data-id=\"3a58bc3\" data-element_type=\"section\">\n\t\t\t\t\t\t<div class=\"elementor-container elementor-column-gap-default\">\n\t\t\t\t\t<div class=\"elementor-column elementor-col-100 elementor-top-column elementor-element elementor-element-00efd53\" data-id=\"00efd53\" data-element_type=\"column\">\n\t\t\t<div class=\"elementor-widget-wrap\">\n\t\t\t\t\t\t\t\t\t<\/div>\n\t\t<\/div>\n\t\t\t\t\t\t\t<\/div>\n\t\t<\/section>\n\t\t\t\t<section class=\"elementor-section elementor-top-section elementor-element elementor-element-f7b9aa2 elementor-section-boxed elementor-section-height-default elementor-section-height-default\" data-id=\"f7b9aa2\" data-element_type=\"section\">\n\t\t\t\t\t\t<div class=\"elementor-container elementor-column-gap-default\">\n\t\t\t\t\t<div class=\"elementor-column elementor-col-100 elementor-top-column elementor-element elementor-element-9bd1fa6\" data-id=\"9bd1fa6\" data-element_type=\"column\">\n\t\t\t<div class=\"elementor-widget-wrap elementor-element-populated\">\n\t\t\t\t\t\t\t\t<div class=\"elementor-element elementor-element-ada3fbc elementor-widget elementor-widget-Widget_Members_V4\" data-id=\"ada3fbc\" data-element_type=\"widget\" data-widget_type=\"Widget_Members_V4.default\">\n\t\t\t\t<div class=\"elementor-widget-container\">\n\t\t\t        \n        <!-- events-page-section -->\n        <section class=\"events-page-section events-list\">\n            <div class=\"auto-container\">\n                <div class=\"row clearfix\">\n                    <div class=\"col-md-12 col-sm-12 content-side\">\n                        <div class=\"events-list-content\">\n                            \t\t\t\t\t\t\t\t \n\t\t\t\t\t\t\t\t\n\t\t\t\t\t\t\t\t\t<div class=\"events-block-one\">\n\t\t\t\t\t\t\t\t\t\t\t\t\t\t\t\t\t\t\t\t<div class=\"inner-box\">\n\t\t\t\t\t\t\t\t\t\t\t\n\t\t\t\t\t\t\t\t\t\t\t<div class=\"shape\" style=\"background-image: url(https:\/\/margineanu.ro\/fundatie\/wp-content\/themes\/purehearts\/assets\/images\/shape\/shape-20.png);\">\n\t\t\t\t\t\t\t\t\t\t\t\n\t\t\t\t\t\t\t\t\t\t\t<\/div>\n\t\t\t\t\t\t\t\t\t\t\t<figure class=\"image-box\">\n\t\t\t\t\t\t\t\t\t\t\t\t<img loading=\"lazy\" decoding=\"async\" width=\"235\" height=\"270\" src=\"https:\/\/margineanu.ro\/fundatie\/wp-content\/uploads\/2022\/04\/prof_mircea_miclea-235x270.jpg\" class=\"attachment-purehearts_235x270 size-purehearts_235x270 wp-post-image\" alt=\"\" \/>\n\t\t\t\t\t\t\t\t\t\t\t<\/figure>\n\t\t\t\t\t\t\t\t\t\t\t<div class=\"inner\">\n\t\t\t\t\t\t\t\t\t\t\t\t<ul class=\"info clearfix\">\n\t\t\t\t\t\t\t\t\t\t\t\t\t<li><i class=\"fa fa-solid fa-graduation-cap\"><\/i>membru onorific<\/li>\n\n\t\t\t\t\t\t\t\t\t\t\t\t<\/ul>\n\t\t\t\t\t\t\t\t\t\t\t\t<h3><a href=\"http:\/\/margineanu.ro\/fundatie\/despre-mircea-miclea\/\">Mircea Miclea<\/a><\/h3>\n\t\t\t\t\t\t\t\t\t\t\t\t<p>Profesor universitar la facultatea de Psihologie \u0219i \u0218tiin\u021be ale Educa\u021biei \u0219i coordonator de doctorat la \u0219coala doctoral\u0103 de \u0218tiin\u021be Cognitive Aplicate. Profesorul [&hellip;]<\/p>\n\t\t\t\t\t\t\t\t\t\t\t\t<div class=\"links\"><a href=\"http:\/\/margineanu.ro\/fundatie\/despre-mircea-miclea\/\">Detalii<\/a><\/div>\n\t\t\t\t\t\t\t\t\t\t\t\t\n\t\t\t\t\t\t\t\t\t\t\t<\/div>\n\t\t\t\t\t\t\t\t\t\t<\/div>\n\t\t\t\t\t\t\t\t\t<\/div>\n                            \t\t\t\t\t\t\t\t \n\t\t\t\t\t\t\t\t\n\t\t\t\t\t\t\t\t\t<div class=\"events-block-one\">\n\t\t\t\t\t\t\t\t\t\t\t\t\t\t\t\t\t\t\t\t<div class=\"inner-box\">\n\t\t\t\t\t\t\t\t\t\t\t\n\t\t\t\t\t\t\t\t\t\t\t<div class=\"shape\" style=\"background-image: url(https:\/\/margineanu.ro\/fundatie\/wp-content\/themes\/purehearts\/assets\/images\/shape\/shape-20.png);\">\n\t\t\t\t\t\t\t\t\t\t\t\n\t\t\t\t\t\t\t\t\t\t\t<\/div>\n\t\t\t\t\t\t\t\t\t\t\t<figure class=\"image-box\">\n\t\t\t\t\t\t\t\t\t\t\t\t<img loading=\"lazy\" decoding=\"async\" width=\"152\" height=\"174\" src=\"https:\/\/margineanu.ro\/fundatie\/wp-content\/uploads\/2022\/04\/AdrianOpre_1-1.png\" class=\"attachment-purehearts_235x270 size-purehearts_235x270 wp-post-image\" alt=\"\" \/>\n\t\t\t\t\t\t\t\t\t\t\t<\/figure>\n\t\t\t\t\t\t\t\t\t\t\t<div class=\"inner\">\n\t\t\t\t\t\t\t\t\t\t\t\t<ul class=\"info clearfix\">\n\t\t\t\t\t\t\t\t\t\t\t\t\t<li><i class=\"fa fa-solid fa-graduation-cap\"><\/i>membru fondator<\/li>\n\n\t\t\t\t\t\t\t\t\t\t\t\t<\/ul>\n\t\t\t\t\t\t\t\t\t\t\t\t<h3><a href=\"http:\/\/margineanu.ro\/fundatie\/despre-adrian-opre\/\">Adrian Opre<\/a><\/h3>\n\t\t\t\t\t\t\t\t\t\t\t\t<p>S-a nascut in anul 1967, la Hunedoara. A absolvit Facultatea de Istorie si filozofie , specializarea Psihologie , in anul 1996. Este [&hellip;]<\/p>\n\t\t\t\t\t\t\t\t\t\t\t\t<div class=\"links\"><a href=\"http:\/\/margineanu.ro\/fundatie\/despre-adrian-opre\/\">Detalii<\/a><\/div>\n\t\t\t\t\t\t\t\t\t\t\t\t\n\t\t\t\t\t\t\t\t\t\t\t<\/div>\n\t\t\t\t\t\t\t\t\t\t<\/div>\n\t\t\t\t\t\t\t\t\t<\/div>\n                            \t\t\t\t\t\t\t\t \n\t\t\t\t\t\t\t\t\n\t\t\t\t\t\t\t\t\t<div class=\"events-block-one\">\n\t\t\t\t\t\t\t\t\t\t\t\t\t\t\t\t\t\t\t\t<div class=\"inner-box\">\n\t\t\t\t\t\t\t\t\t\t\t\n\t\t\t\t\t\t\t\t\t\t\t<div class=\"shape\" style=\"background-image: url(https:\/\/margineanu.ro\/fundatie\/wp-content\/themes\/purehearts\/assets\/images\/shape\/shape-20.png);\">\n\t\t\t\t\t\t\t\t\t\t\t\n\t\t\t\t\t\t\t\t\t\t\t<\/div>\n\t\t\t\t\t\t\t\t\t\t\t<figure class=\"image-box\">\n\t\t\t\t\t\t\t\t\t\t\t\t<img loading=\"lazy\" decoding=\"async\" width=\"155\" height=\"169\" src=\"https:\/\/margineanu.ro\/fundatie\/wp-content\/uploads\/2022\/04\/Untitled.png\" class=\"attachment-purehearts_235x270 size-purehearts_235x270 wp-post-image\" alt=\"\" \/>\n\t\t\t\t\t\t\t\t\t\t\t<\/figure>\n\t\t\t\t\t\t\t\t\t\t\t<div class=\"inner\">\n\t\t\t\t\t\t\t\t\t\t\t\t<ul class=\"info clearfix\">\n\t\t\t\t\t\t\t\t\t\t\t\t\t<li><i class=\"fa fa-solid fa-graduation-cap\"><\/i>membru fondator<\/li>\n\n\t\t\t\t\t\t\t\t\t\t\t\t<\/ul>\n\t\t\t\t\t\t\t\t\t\t\t\t<h3><a href=\"http:\/\/margineanu.ro\/fundatie\/about-cristina-anisescu\/\">Cristina Anisescu<\/a><\/h3>\n\t\t\t\t\t\t\t\t\t\t\t\t<p>Cristina Anisescu, dr. psihologie, \u015fef Serviciu Programe Educa\u0163ionale, Direc\u0163ia Cercetare, Expozi\u0163ii, Publica\u0163ii \u015fi coordonator al Centrului de Istorie Oral\u0103, Consiliul Na\u0163ional pentru [&hellip;]<\/p>\n\t\t\t\t\t\t\t\t\t\t\t\t<div class=\"links\"><a href=\"http:\/\/margineanu.ro\/fundatie\/about-cristina-anisescu\/\">Detalii<\/a><\/div>\n\t\t\t\t\t\t\t\t\t\t\t\t\n\t\t\t\t\t\t\t\t\t\t\t<\/div>\n\t\t\t\t\t\t\t\t\t\t<\/div>\n\t\t\t\t\t\t\t\t\t<\/div>\n                            \t\t\t\t\t\t\t\t \n\t\t\t\t\t\t\t\t\n\t\t\t\t\t\t\t\t\t<div class=\"events-block-one\">\n\t\t\t\t\t\t\t\t\t\t<div class=\"container_text_delimitation\"><h3 id = \"text_margineanu_family\">Familia M\u0103rgineanu<\/h3><\/div>\t\t\t\t\t\t\t\t\t\t<div class=\"inner-box\">\n\t\t\t\t\t\t\t\t\t\t\t\n\t\t\t\t\t\t\t\t\t\t\t<div class=\"shape\" style=\"background-image: url(https:\/\/margineanu.ro\/fundatie\/wp-content\/themes\/purehearts\/assets\/images\/shape\/shape-20.png);\">\n\t\t\t\t\t\t\t\t\t\t\t\n\t\t\t\t\t\t\t\t\t\t\t<\/div>\n\t\t\t\t\t\t\t\t\t\t\t<figure class=\"image-box\">\n\t\t\t\t\t\t\t\t\t\t\t\t<img loading=\"lazy\" decoding=\"async\" width=\"235\" height=\"270\" src=\"https:\/\/margineanu.ro\/fundatie\/wp-content\/uploads\/2022\/04\/Logodnicii-din-America-3-235x270.jpg\" class=\"attachment-purehearts_235x270 size-purehearts_235x270 wp-post-image\" alt=\"\" \/>\n\t\t\t\t\t\t\t\t\t\t\t<\/figure>\n\t\t\t\t\t\t\t\t\t\t\t<div class=\"inner\">\n\t\t\t\t\t\t\t\t\t\t\t\t<ul class=\"info clearfix\">\n\t\t\t\t\t\t\t\t\t\t\t\t\t<li><i class=\"fa fa-solid fa-graduation-cap\"><\/i>membru fondator<\/li>\n\n\t\t\t\t\t\t\t\t\t\t\t\t<\/ul>\n\t\t\t\t\t\t\t\t\t\t\t\t<h3><a href=\"http:\/\/margineanu.ro\/fundatie\/maria-ploae\/\">Maria Ploae<\/a><\/h3>\n\t\t\t\t\t\t\t\t\t\t\t\t<p>N\u0103scut\u0103 \u00een 19 februarie, 1951 la Bucure\u015fti. Institutul de Art\u0103 Teatral\u0103 \u015fi Cinematografic\u0103 \u201eIon Luca Caragiale\u201d. A fost angajat\u0103 la Teatrul de [&hellip;]<\/p>\n\t\t\t\t\t\t\t\t\t\t\t\t<div class=\"links\"><a href=\"http:\/\/margineanu.ro\/fundatie\/maria-ploae\/\">Detalii<\/a><\/div>\n\t\t\t\t\t\t\t\t\t\t\t\t\n\t\t\t\t\t\t\t\t\t\t\t<\/div>\n\t\t\t\t\t\t\t\t\t\t<\/div>\n\t\t\t\t\t\t\t\t\t<\/div>\n                            \t\t\t\t\t\t\t\t \n\t\t\t\t\t\t\t\t\n\t\t\t\t\t\t\t\t\t<div class=\"events-block-one\">\n\t\t\t\t\t\t\t\t\t\t\t\t\t\t\t\t\t\t\t\t<div class=\"inner-box\">\n\t\t\t\t\t\t\t\t\t\t\t\n\t\t\t\t\t\t\t\t\t\t\t<div class=\"shape\" style=\"background-image: url(https:\/\/margineanu.ro\/fundatie\/wp-content\/themes\/purehearts\/assets\/images\/shape\/shape-20.png);\">\n\t\t\t\t\t\t\t\t\t\t\t\n\t\t\t\t\t\t\t\t\t\t\t<\/div>\n\t\t\t\t\t\t\t\t\t\t\t<figure class=\"image-box\">\n\t\t\t\t\t\t\t\t\t\t\t\t<img loading=\"lazy\" decoding=\"async\" width=\"235\" height=\"270\" src=\"https:\/\/margineanu.ro\/fundatie\/wp-content\/uploads\/2022\/04\/IMG_8703-235x270.jpg\" class=\"attachment-purehearts_235x270 size-purehearts_235x270 wp-post-image\" alt=\"\" \/>\n\t\t\t\t\t\t\t\t\t\t\t<\/figure>\n\t\t\t\t\t\t\t\t\t\t\t<div class=\"inner\">\n\t\t\t\t\t\t\t\t\t\t\t\t<ul class=\"info clearfix\">\n\t\t\t\t\t\t\t\t\t\t\t\t\t<li><i class=\"fa fa-solid fa-graduation-cap\"><\/i>membru<\/li>\n\n\t\t\t\t\t\t\t\t\t\t\t\t<\/ul>\n\t\t\t\t\t\t\t\t\t\t\t\t<h3><a href=\"http:\/\/margineanu.ro\/fundatie\/oana-margineanu\/\">Margineanu Oana<\/a><\/h3>\n\t\t\t\t\t\t\t\t\t\t\t\t<p>Am terminat Universitatea de Art\u0103 Teatral\u0103 \u0219i Cinematografic\u0103 la sectia actorie si univestitatea ecologica sectia kinetoterapie. In prezent studiez osteopatia si lucrez [&hellip;]<\/p>\n\t\t\t\t\t\t\t\t\t\t\t\t<div class=\"links\"><a href=\"http:\/\/margineanu.ro\/fundatie\/oana-margineanu\/\">Detalii<\/a><\/div>\n\t\t\t\t\t\t\t\t\t\t\t\t\n\t\t\t\t\t\t\t\t\t\t\t<\/div>\n\t\t\t\t\t\t\t\t\t\t<\/div>\n\t\t\t\t\t\t\t\t\t<\/div>\n                            \t\t\t\t\t\t\t\t \n\t\t\t\t\t\t\t\t\n\t\t\t\t\t\t\t\t\t<div class=\"events-block-one\">\n\t\t\t\t\t\t\t\t\t\t\t\t\t\t\t\t\t\t\t\t<div class=\"inner-box\">\n\t\t\t\t\t\t\t\t\t\t\t\n\t\t\t\t\t\t\t\t\t\t\t<div class=\"shape\" style=\"background-image: url(https:\/\/margineanu.ro\/fundatie\/wp-content\/themes\/purehearts\/assets\/images\/shape\/shape-20.png);\">\n\t\t\t\t\t\t\t\t\t\t\t\n\t\t\t\t\t\t\t\t\t\t\t<\/div>\n\t\t\t\t\t\t\t\t\t\t\t<figure class=\"image-box\">\n\t\t\t\t\t\t\t\t\t\t\t\t<img loading=\"lazy\" decoding=\"async\" width=\"235\" height=\"270\" src=\"https:\/\/margineanu.ro\/fundatie\/wp-content\/uploads\/2022\/04\/NICOLAE-MARGINEANU-jr-235x270.jpg\" class=\"attachment-purehearts_235x270 size-purehearts_235x270 wp-post-image\" alt=\"\" \/>\n\t\t\t\t\t\t\t\t\t\t\t<\/figure>\n\t\t\t\t\t\t\t\t\t\t\t<div class=\"inner\">\n\t\t\t\t\t\t\t\t\t\t\t\t<ul class=\"info clearfix\">\n\t\t\t\t\t\t\t\t\t\t\t\t\t<li><i class=\"fa fa-solid fa-graduation-cap\"><\/i>membru fondator<\/li>\n\n\t\t\t\t\t\t\t\t\t\t\t\t<\/ul>\n\t\t\t\t\t\t\t\t\t\t\t\t<h3><a href=\"http:\/\/margineanu.ro\/fundatie\/nicolae-margineanu-jr\/\">Nicolae M\u0103rgineanu JR<\/a><\/h3>\n\t\t\t\t\t\t\t\t\t\t\t\t<p>Manager, Director executiv, Inginer de sunet Data nasterii: 13 mai 1983 STUDII: 2004-2007: Universitatea Nationala de Arta Teatrala si Cinematografica &#8222;I. L. [&hellip;]<\/p>\n\t\t\t\t\t\t\t\t\t\t\t\t<div class=\"links\"><a href=\"http:\/\/margineanu.ro\/fundatie\/nicolae-margineanu-jr\/\">Detalii<\/a><\/div>\n\t\t\t\t\t\t\t\t\t\t\t\t\n\t\t\t\t\t\t\t\t\t\t\t<\/div>\n\t\t\t\t\t\t\t\t\t\t<\/div>\n\t\t\t\t\t\t\t\t\t<\/div>\n                            \t\t\t\t\t\t\t\t \n\t\t\t\t\t\t\t\t\n\t\t\t\t\t\t\t\t\t<div class=\"events-block-one\">\n\t\t\t\t\t\t\t\t\t\t\t\t\t\t\t\t\t\t\t\t<div class=\"inner-box\">\n\t\t\t\t\t\t\t\t\t\t\t\n\t\t\t\t\t\t\t\t\t\t\t<div class=\"shape\" style=\"background-image: url(https:\/\/margineanu.ro\/fundatie\/wp-content\/themes\/purehearts\/assets\/images\/shape\/shape-20.png);\">\n\t\t\t\t\t\t\t\t\t\t\t\n\t\t\t\t\t\t\t\t\t\t\t<\/div>\n\t\t\t\t\t\t\t\t\t\t\t<figure class=\"image-box\">\n\t\t\t\t\t\t\t\t\t\t\t\t<img loading=\"lazy\" decoding=\"async\" width=\"235\" height=\"270\" src=\"https:\/\/margineanu.ro\/fundatie\/wp-content\/uploads\/2022\/04\/ANA-MARGINEANU-235x270.jpg\" class=\"attachment-purehearts_235x270 size-purehearts_235x270 wp-post-image\" alt=\"\" \/>\n\t\t\t\t\t\t\t\t\t\t\t<\/figure>\n\t\t\t\t\t\t\t\t\t\t\t<div class=\"inner\">\n\t\t\t\t\t\t\t\t\t\t\t\t<ul class=\"info clearfix\">\n\t\t\t\t\t\t\t\t\t\t\t\t\t<li><i class=\"fa fa-solid fa-graduation-cap\"><\/i>membru<\/li>\n\n\t\t\t\t\t\t\t\t\t\t\t\t<\/ul>\n\t\t\t\t\t\t\t\t\t\t\t\t<h3><a href=\"http:\/\/margineanu.ro\/fundatie\/margineanu-ana\/\">Ana Margineanu<\/a><\/h3>\n\t\t\t\t\t\t\t\t\t\t\t\t<p>A absolvit Universitatea de Arta Teatrala si Cinematografica Bucuresti, sectia Regie de Teatru, in 2001. De atunci Ana a regizat peste 20 [&hellip;]<\/p>\n\t\t\t\t\t\t\t\t\t\t\t\t<div class=\"links\"><a href=\"http:\/\/margineanu.ro\/fundatie\/margineanu-ana\/\">Detalii<\/a><\/div>\n\t\t\t\t\t\t\t\t\t\t\t\t\n\t\t\t\t\t\t\t\t\t\t\t<\/div>\n\t\t\t\t\t\t\t\t\t\t<\/div>\n\t\t\t\t\t\t\t\t\t<\/div>\n                            \t\t\t\t\t\t\t\t \n\t\t\t\t\t\t\t\t\n\t\t\t\t\t\t\t\t\t<div class=\"events-block-one\">\n\t\t\t\t\t\t\t\t\t\t\t\t\t\t\t\t\t\t\t\t<div class=\"inner-box\">\n\t\t\t\t\t\t\t\t\t\t\t\n\t\t\t\t\t\t\t\t\t\t\t<div class=\"shape\" style=\"background-image: url(https:\/\/margineanu.ro\/fundatie\/wp-content\/themes\/purehearts\/assets\/images\/shape\/shape-20.png);\">\n\t\t\t\t\t\t\t\t\t\t\t\n\t\t\t\t\t\t\t\t\t\t\t<\/div>\n\t\t\t\t\t\t\t\t\t\t\t<figure class=\"image-box\">\n\t\t\t\t\t\t\t\t\t\t\t\t<img loading=\"lazy\" decoding=\"async\" width=\"235\" height=\"270\" src=\"https:\/\/margineanu.ro\/fundatie\/wp-content\/uploads\/2022\/04\/IMG_9490_Original-235x270.jpg\" class=\"attachment-purehearts_235x270 size-purehearts_235x270 wp-post-image\" alt=\"\" \/>\n\t\t\t\t\t\t\t\t\t\t\t<\/figure>\n\t\t\t\t\t\t\t\t\t\t\t<div class=\"inner\">\n\t\t\t\t\t\t\t\t\t\t\t\t<ul class=\"info clearfix\">\n\t\t\t\t\t\t\t\t\t\t\t\t\t<li><i class=\"fa fa-solid fa-graduation-cap\"><\/i>membru fondator<\/li>\n\n\t\t\t\t\t\t\t\t\t\t\t\t<\/ul>\n\t\t\t\t\t\t\t\t\t\t\t\t<h3><a href=\"http:\/\/margineanu.ro\/fundatie\/despre-petru-margineanu\/\">Petru M\u0103rgineanu<\/a><\/h3>\n\t\t\t\t\t\t\t\t\t\t\t\t<p>Petru M\u0103rgineanu, n\u0103scut \u00een 1971, este absolvent al sec\u021biei de compozi\u021bie muzical\u0103 a Universit\u0103\u021bii Na\u021bionale de Muzic\u0103 Bucure\u0219ti. A compus muzica a [&hellip;]<\/p>\n\t\t\t\t\t\t\t\t\t\t\t\t<div class=\"links\"><a href=\"http:\/\/margineanu.ro\/fundatie\/despre-petru-margineanu\/\">Detalii<\/a><\/div>\n\t\t\t\t\t\t\t\t\t\t\t\t\n\t\t\t\t\t\t\t\t\t\t\t<\/div>\n\t\t\t\t\t\t\t\t\t\t<\/div>\n\t\t\t\t\t\t\t\t\t<\/div>\n                            \t\t\t\t\t\t\t\t \n\t\t\t\t\t\t\t\t\n\t\t\t\t\t\t\t\t\t<div class=\"events-block-one\">\n\t\t\t\t\t\t\t\t\t\t\t\t\t\t\t\t\t\t\t\t<div class=\"inner-box\">\n\t\t\t\t\t\t\t\t\t\t\t\n\t\t\t\t\t\t\t\t\t\t\t<div class=\"shape\" style=\"background-image: url(https:\/\/margineanu.ro\/fundatie\/wp-content\/themes\/purehearts\/assets\/images\/shape\/shape-20.png);\">\n\t\t\t\t\t\t\t\t\t\t\t\n\t\t\t\t\t\t\t\t\t\t\t<\/div>\n\t\t\t\t\t\t\t\t\t\t\t<figure class=\"image-box\">\n\t\t\t\t\t\t\t\t\t\t\t\t<img loading=\"lazy\" decoding=\"async\" width=\"235\" height=\"225\" src=\"https:\/\/margineanu.ro\/fundatie\/wp-content\/uploads\/2022\/04\/NICOLAE-Dinu-MARGINEANU-1-235x225.jpg\" class=\"attachment-purehearts_235x270 size-purehearts_235x270 wp-post-image\" alt=\"\" \/>\n\t\t\t\t\t\t\t\t\t\t\t<\/figure>\n\t\t\t\t\t\t\t\t\t\t\t<div class=\"inner\">\n\t\t\t\t\t\t\t\t\t\t\t\t<ul class=\"info clearfix\">\n\t\t\t\t\t\t\t\t\t\t\t\t\t<li><i class=\"fa fa-solid fa-graduation-cap\"><\/i>pre\u0219edinte consiliu director<\/li>\n\n\t\t\t\t\t\t\t\t\t\t\t\t<\/ul>\n\t\t\t\t\t\t\t\t\t\t\t\t<h3><a href=\"http:\/\/margineanu.ro\/fundatie\/despre-nicolae-d-margineanu\/\">Nicolae D. M\u0103rgineanu<\/a><\/h3>\n\t\t\t\t\t\t\t\t\t\t\t\t<p>N\u00e3scut \u00een anul 1938 la Cluj. 1968 &#8211; Institutul de Teatru si Cinematografie I.L.Caragiale, sec\u0163ia imagine film. A semnat imaginea la 9 [&hellip;]<\/p>\n\t\t\t\t\t\t\t\t\t\t\t\t<div class=\"links\"><a href=\"http:\/\/margineanu.ro\/fundatie\/despre-nicolae-d-margineanu\/\">Detalii<\/a><\/div>\n\t\t\t\t\t\t\t\t\t\t\t\t\n\t\t\t\t\t\t\t\t\t\t\t<\/div>\n\t\t\t\t\t\t\t\t\t\t<\/div>\n\t\t\t\t\t\t\t\t\t<\/div>\n                                                       \n                        <\/div>\n                    <\/div>\n                <\/div>\n            <\/div>\n        <\/section>\n        <!-- events-page-section -->\n                        \n\t\t\t\t<\/div>\n\t\t\t\t<\/div>\n\t\t\t\t\t<\/div>\n\t\t<\/div>\n\t\t\t\t\t\t\t<\/div>\n\t\t<\/section>\n\t\t\t\t\t\t\t<\/div>\n\t\t","protected":false},"excerpt":{"rendered":"<p>membru onorific Mircea Miclea Profesor universitar la facultatea de Psihologie \u0219i \u0218tiin\u021be ale Educva\u021biei \u0219i coordonmator de doctorat la \u0219coala doctoral\u0103 de [&hellip;]<\/p>\n","protected":false},"author":1,"featured_media":0,"parent":0,"menu_order":0,"comment_status":"closed","ping_status":"closed","template":"elementor_header_footer","meta":{"footnotes":""},"acf":[],"_links":{"self":[{"href":"https:\/\/margineanu.ro\/fundatie\/wp-json\/wp\/v2\/pages\/1570"}],"collection":[{"href":"https:\/\/margineanu.ro\/fundatie\/wp-json\/wp\/v2\/pages"}],"about":[{"href":"https:\/\/margineanu.ro\/fundatie\/wp-json\/wp\/v2\/types\/page"}],"author":[{"embeddable":true,"href":"https:\/\/margineanu.ro\/fundatie\/wp-json\/wp\/v2\/users\/1"}],"replies":[{"embeddable":true,"href":"https:\/\/margineanu.ro\/fundatie\/wp-json\/wp\/v2\/comments?post=1570"}],"version-history":[{"count":46,"href":"https:\/\/margineanu.ro\/fundatie\/wp-json\/wp\/v2\/pages\/1570\/revisions"}],"predecessor-version":[{"id":2501,"href":"https:\/\/margineanu.ro\/fundatie\/wp-json\/wp\/v2\/pages\/1570\/revisions\/2501"}],"wp:attachment":[{"href":"https:\/\/margineanu.ro\/fundatie\/wp-json\/wp\/v2\/media?parent=1570"}],"curies":[{"name":"wp","href":"https:\/\/api.w.org\/{rel}","templated":true}]}}