{"id":1937,"date":"2022-04-14T10:31:39","date_gmt":"2022-04-14T10:31:39","guid":{"rendered":"http:\/\/margineanu.ro\/fundatie\/?page_id=1937"},"modified":"2022-05-03T05:58:01","modified_gmt":"2022-05-03T05:58:01","slug":"nicolae-margineanu-jr","status":"publish","type":"page","link":"http:\/\/margineanu.ro\/fundatie\/nicolae-margineanu-jr\/","title":{"rendered":"Nicolae Margineanu JR"},"content":{"rendered":"\t\t<div data-elementor-type=\"wp-page\" data-elementor-id=\"1937\" class=\"elementor elementor-1937\">\n\t\t\t\t\t\t\t\t\t<section class=\"elementor-section elementor-top-section elementor-element elementor-element-41e04674 elementor-section-full_width elementor-section-height-default elementor-section-height-default\" data-id=\"41e04674\" data-element_type=\"section\">\n\t\t\t\t\t\t<div class=\"elementor-container elementor-column-gap-default\">\n\t\t\t\t\t<div class=\"elementor-column elementor-col-100 elementor-top-column elementor-element elementor-element-36aac94f\" data-id=\"36aac94f\" data-element_type=\"column\">\n\t\t\t<div class=\"elementor-widget-wrap elementor-element-populated\">\n\t\t\t\t\t\t\t\t<div class=\"elementor-element elementor-element-618e432 button_back_members elementor-widget elementor-widget-button\" data-id=\"618e432\" data-element_type=\"widget\" data-widget_type=\"button.default\">\n\t\t\t\t<div class=\"elementor-widget-container\">\n\t\t\t\t\t<div class=\"elementor-button-wrapper\">\n\t\t\t<a href=\"http:\/\/margineanu.ro\/fundatie\/membri\/\" class=\"elementor-button-link elementor-button elementor-size-sm\" role=\"button\">\n\t\t\t\t\t\t<span class=\"elementor-button-content-wrapper\">\n\t\t\t\t\t\t\t<span class=\"elementor-button-icon elementor-align-icon-left\">\n\t\t\t\t<i aria-hidden=\"true\" class=\"fas fa-arrow-left\"><\/i>\t\t\t<\/span>\n\t\t\t\t\t\t<span class=\"elementor-button-text\"><\/span>\n\t\t<\/span>\n\t\t\t\t\t<\/a>\n\t\t<\/div>\n\t\t\t\t<\/div>\n\t\t\t\t<\/div>\n\t\t\t\t<div class=\"elementor-element elementor-element-200eaebe elementor-widget elementor-widget-purehearts_portfolio_details\" data-id=\"200eaebe\" data-element_type=\"widget\" data-widget_type=\"purehearts_portfolio_details.default\">\n\t\t\t\t<div class=\"elementor-widget-container\">\n\t\t\t\t\t\n        <!-- portfolio-details -->\n        <section class=\"portfolio-details\">\n            <div class=\"auto-container\">\n                <div class=\"row clearfix\">\n                    <div class=\"col-lg-8 col-md-12 col-sm-12 content-side\">\n                        <div class=\"portfolio-details-content\">\n                            <div class=\"inner-box\">\n                                <div class=\"text\">\n                                    <h2>Nicolae M\u0103rgineanu JR<\/h2>\n                                                                    <\/div>\n                                                                <div class=\"image-box\">\n                                    <div class=\"row clearfix\">\n                                                                                                                        <div class=\"col-lg-6 col-md-6 col-sm-12 image-column\">\n                                            <figure class=\"image\"><img decoding=\"async\" src=\"http:\/\/margineanu.ro\/fundatie\/wp-content\/uploads\/2022\/04\/NICOLAE-MARGINEANU-jr.jpg\" alt=\"Awesome Image\"><\/figure>\n                                        <\/div>\n                                                                            <\/div>\n                                <\/div>\n                                                                \n                                                                <div class=\"text project-summary\">\n                                    <h3><\/h3>\n                                    <p>Manager, Director executiv, Inginer de sunet<br>\n<b>Data nasterii:<\/b> 13 mai 1983. <br>\n<b>STUDII:<\/b><br>\n<ul>\n<li class=\"orange_bird\">\n2004-2007: Universitatea Na\u021bional\u0103 de Art\u0103 Teatral\u0103 si Cinematografic\u0103 \"I. L. Caragiale\", Bucure\u0219ti, Facultatea de Film, sec\u021biunea Multimedia. <br><br><\/li>\n\n<b>ACTIVIT\u0102\u021aI PROFESIONALE<\/b> :<br> 2007 - 2022 Manager Ager Film\n\n<li class=\"orange_bird\">\t2020 - Director executiv la filmul \u201cElixirul\u201d<\/li>\n<li class=\"orange_bird\">\t2018 - Director executiv la filmul \u201cCardinalul\u201d<\/li>\n<li class=\"orange_bird\">\t2013 - Director executiv la filmul \u201cPoarta Alb\u0103\u201d<\/li>\n<li class=\"orange_bird\">\t2006 - Inginer de sunet priza directa la filmul \u201cLogodnicii din America\u201d <\/li>\n<li class=\"orange_bird\">\t2007 - Inginer de sunet postprocesare la filmul \u201cLogodnicii din America\u201d<\/li>\n<li class=\"orange_bird\">\t2001 - 2007 Inginer de sunet dublaj la Ager Film SRL <\/li>\n<\/p>\n                                                                    <\/div>\n                                                            <\/div>\n                            \n                        <\/div>\n                    <\/div>\n                    <div class=\"col-lg-4 col-md-12 col-sm-12 sidebar-side\">\n                        <div class=\"portfolio-sidebar\">\n                            <div class=\"portfolio-info\">\n                                <ul class=\"info-list clearfix\">\n                                                                        <li>\n                                        <h5>Nume: Nicolae M\u0103rgineanu JR<\/h5>\n                                        <p><\/p>\n                                    <\/li>\n                                                                        <li>\n                                        <h5>Statut: Membru fondator<\/h5>\n                                        <p><\/p>\n                                    <\/li>\n                                                                    <\/ul>\n                                <ul class=\"social-links clearfix\">\n                                                                        <li><a href=\"https:\/\/www.pinterest.com\/\"><i class=\"fa fa fa-pinterest-p\"><\/i><\/a><\/li>\n                                                                    <\/ul>\n                            <\/div>\n                        <\/div>\n                    <\/div>\n                <\/div>\n            <\/div>\n        <\/section>\n        <!-- portfolio-details end -->\n                         \n        \t\t<\/div>\n\t\t\t\t<\/div>\n\t\t\t\t\t<\/div>\n\t\t<\/div>\n\t\t\t\t\t\t\t<\/div>\n\t\t<\/section>\n\t\t\t\t\t\t\t<\/div>\n\t\t","protected":false},"excerpt":{"rendered":"<p>Nicolae M\u0103rgineanu JR Manager, Director executiv, Inginer de sunet Data nasterii: 13 mai 1983. STUDII: 2004-2007: Universitatea Na\u021bional\u0103 de Art\u0103 Teatral\u0103 si [&hellip;]<\/p>\n","protected":false},"author":1,"featured_media":0,"parent":0,"menu_order":0,"comment_status":"closed","ping_status":"closed","template":"","meta":{"footnotes":""},"acf":[],"_links":{"self":[{"href":"http:\/\/margineanu.ro\/fundatie\/wp-json\/wp\/v2\/pages\/1937"}],"collection":[{"href":"http:\/\/margineanu.ro\/fundatie\/wp-json\/wp\/v2\/pages"}],"about":[{"href":"http:\/\/margineanu.ro\/fundatie\/wp-json\/wp\/v2\/types\/page"}],"author":[{"embeddable":true,"href":"http:\/\/margineanu.ro\/fundatie\/wp-json\/wp\/v2\/users\/1"}],"replies":[{"embeddable":true,"href":"http:\/\/margineanu.ro\/fundatie\/wp-json\/wp\/v2\/comments?post=1937"}],"version-history":[{"count":67,"href":"http:\/\/margineanu.ro\/fundatie\/wp-json\/wp\/v2\/pages\/1937\/revisions"}],"predecessor-version":[{"id":2705,"href":"http:\/\/margineanu.ro\/fundatie\/wp-json\/wp\/v2\/pages\/1937\/revisions\/2705"}],"wp:attachment":[{"href":"http:\/\/margineanu.ro\/fundatie\/wp-json\/wp\/v2\/media?parent=1937"}],"curies":[{"name":"wp","href":"https:\/\/api.w.org\/{rel}","templated":true}]}}