{"id":1927,"date":"2022-04-14T10:16:30","date_gmt":"2022-04-14T10:16:30","guid":{"rendered":"http:\/\/margineanu.ro\/fundatie\/?page_id=1927"},"modified":"2022-04-27T06:49:01","modified_gmt":"2022-04-27T06:49:01","slug":"maria-ploae","status":"publish","type":"page","link":"http:\/\/margineanu.ro\/fundatie\/maria-ploae\/","title":{"rendered":"Maria Ploae"},"content":{"rendered":"\t\t<div data-elementor-type=\"wp-page\" data-elementor-id=\"1927\" class=\"elementor elementor-1927\">\n\t\t\t\t\t\t\t\t\t<section class=\"elementor-section elementor-top-section elementor-element elementor-element-60843140 elementor-section-full_width elementor-section-height-default elementor-section-height-default\" data-id=\"60843140\" data-element_type=\"section\">\n\t\t\t\t\t\t<div class=\"elementor-container elementor-column-gap-default\">\n\t\t\t\t\t<div class=\"elementor-column elementor-col-100 elementor-top-column elementor-element elementor-element-38f1a7b4\" data-id=\"38f1a7b4\" data-element_type=\"column\">\n\t\t\t<div class=\"elementor-widget-wrap elementor-element-populated\">\n\t\t\t\t\t\t\t\t<div class=\"elementor-element elementor-element-88d1d83 button_back_members elementor-widget elementor-widget-button\" data-id=\"88d1d83\" data-element_type=\"widget\" data-widget_type=\"button.default\">\n\t\t\t\t<div class=\"elementor-widget-container\">\n\t\t\t\t\t<div class=\"elementor-button-wrapper\">\n\t\t\t<a href=\"http:\/\/margineanu.ro\/fundatie\/membri\/\" class=\"elementor-button-link elementor-button elementor-size-sm\" role=\"button\">\n\t\t\t\t\t\t<span class=\"elementor-button-content-wrapper\">\n\t\t\t\t\t\t\t<span class=\"elementor-button-icon elementor-align-icon-left\">\n\t\t\t\t<i aria-hidden=\"true\" class=\"fas fa-arrow-left\"><\/i>\t\t\t<\/span>\n\t\t\t\t\t\t<span class=\"elementor-button-text\"><\/span>\n\t\t<\/span>\n\t\t\t\t\t<\/a>\n\t\t<\/div>\n\t\t\t\t<\/div>\n\t\t\t\t<\/div>\n\t\t\t\t<div class=\"elementor-element elementor-element-2720fc9b elementor-widget elementor-widget-purehearts_portfolio_details\" data-id=\"2720fc9b\" data-element_type=\"widget\" data-widget_type=\"purehearts_portfolio_details.default\">\n\t\t\t\t<div class=\"elementor-widget-container\">\n\t\t\t\t\t\n        <!-- portfolio-details -->\n        <section class=\"portfolio-details\">\n            <div class=\"auto-container\">\n                <div class=\"row clearfix\">\n                    <div class=\"col-lg-8 col-md-12 col-sm-12 content-side\">\n                        <div class=\"portfolio-details-content\">\n                            <div class=\"inner-box\">\n                                <div class=\"text\">\n                                    <h2>Maria Ploae <\/h2>\n                                                                    <\/div>\n                                                                <div class=\"image-box\">\n                                    <div class=\"row clearfix\">\n                                                                                                                        <div class=\"col-lg-6 col-md-6 col-sm-12 image-column\">\n                                            <figure class=\"image\"><img decoding=\"async\" src=\"http:\/\/margineanu.ro\/fundatie\/wp-content\/uploads\/2022\/04\/Logodnicii-din-America-3.jpg\" alt=\"Awesome Image\"><\/figure>\n                                        <\/div>\n                                                                            <\/div>\n                                <\/div>\n                                                                \n                                                                <div class=\"text project-summary\">\n                                    <h3><\/h3>\n                                    <p>N\u0103scut\u0103 \u00een 19 februarie, 1951 la Bucure\u015fti. <br>\nInstitutul de Art\u0103 Teatral\u0103 \u015fi Cinematografic\u0103 \u201eIon Luca Caragiale\u201d.\n<br>A fost angajat\u0103 la Teatrul de Comedie \u0219i la Teatrul Mic.\n<br>A jucat \u00een peste 40 de filme artistice de lung metraj.\n<\/p>\n                                                                    <\/div>\n                                                            <\/div>\n                            \n                        <\/div>\n                    <\/div>\n                    <div class=\"col-lg-4 col-md-12 col-sm-12 sidebar-side\">\n                        <div class=\"portfolio-sidebar\">\n                            <div class=\"portfolio-info\">\n                                <ul class=\"info-list clearfix\">\n                                                                        <li>\n                                        <h5><i class=\"fa fa-solid fa-graduation-cap\"><\/i> Membru fondator<\/h5>\n                                        <p><\/p>\n                                    <\/li>\n                                                                    <\/ul>\n                                <ul class=\"social-links clearfix\">\n                                                                        <li><a href=\"https:\/\/www.facebook.com\/\"><i class=\"fa fa fa-facebook-f\"><\/i><\/a><\/li>\n                                                                        <li><a href=\"https:\/\/www.twitter.com\/\"><i class=\"fa fa fa-twitter\"><\/i><\/a><\/li>\n                                                                        <li><a href=\"https:\/\/www.linkedin.com\/\"><i class=\"fa fa fa-linkedin\"><\/i><\/a><\/li>\n                                                                        <li><a href=\"https:\/\/www.pinterest.com\/\"><i class=\"fa fa fa-pinterest-p\"><\/i><\/a><\/li>\n                                                                    <\/ul>\n                            <\/div>\n                        <\/div>\n                    <\/div>\n                <\/div>\n            <\/div>\n        <\/section>\n        <!-- portfolio-details end -->\n                         \n        \t\t<\/div>\n\t\t\t\t<\/div>\n\t\t\t\t\t<\/div>\n\t\t<\/div>\n\t\t\t\t\t\t\t<\/div>\n\t\t<\/section>\n\t\t\t\t<section class=\"elementor-section elementor-top-section elementor-element elementor-element-bd2a7dc elementor-section-boxed elementor-section-height-default elementor-section-height-default\" data-id=\"bd2a7dc\" data-element_type=\"section\">\n\t\t\t\t\t\t<div class=\"elementor-container elementor-column-gap-default\">\n\t\t\t\t\t<div class=\"elementor-column elementor-col-100 elementor-top-column elementor-element elementor-element-be24376\" data-id=\"be24376\" data-element_type=\"column\">\n\t\t\t<div class=\"elementor-widget-wrap elementor-element-populated\">\n\t\t\t\t\t\t\t\t<div class=\"elementor-element elementor-element-14263d1 elementor-widget elementor-widget-text-editor\" data-id=\"14263d1\" data-element_type=\"widget\" data-widget_type=\"text-editor.default\">\n\t\t\t\t<div class=\"elementor-widget-container\">\n\t\t\t<style>\/*! elementor - v3.6.2 - 04-04-2022 *\/\n.elementor-widget-text-editor.elementor-drop-cap-view-stacked .elementor-drop-cap{background-color:#818a91;color:#fff}.elementor-widget-text-editor.elementor-drop-cap-view-framed .elementor-drop-cap{color:#818a91;border:3px solid;background-color:transparent}.elementor-widget-text-editor:not(.elementor-drop-cap-view-default) .elementor-drop-cap{margin-top:8px}.elementor-widget-text-editor:not(.elementor-drop-cap-view-default) .elementor-drop-cap-letter{width:1em;height:1em}.elementor-widget-text-editor .elementor-drop-cap{float:left;text-align:center;line-height:1;font-size:50px}.elementor-widget-text-editor .elementor-drop-cap-letter{display:inline-block}<\/style>\t\t\t\t\t\t\t\t\t\t<\/div>\n\t\t\t\t<\/div>\n\t\t\t\t\t<\/div>\n\t\t<\/div>\n\t\t\t\t\t\t\t<\/div>\n\t\t<\/section>\n\t\t\t\t<section class=\"elementor-section elementor-top-section elementor-element elementor-element-68cc923 elementor-section-boxed elementor-section-height-default elementor-section-height-default\" data-id=\"68cc923\" data-element_type=\"section\">\n\t\t\t\t\t\t<div class=\"elementor-container elementor-column-gap-default\">\n\t\t\t\t\t<div class=\"elementor-column elementor-col-100 elementor-top-column elementor-element elementor-element-730b8c0\" data-id=\"730b8c0\" data-element_type=\"column\">\n\t\t\t<div class=\"elementor-widget-wrap elementor-element-populated\">\n\t\t\t\t\t\t\t\t<div class=\"elementor-element elementor-element-e6e7e5a elementor-widget elementor-widget-text-editor\" data-id=\"e6e7e5a\" data-element_type=\"widget\" data-widget_type=\"text-editor.default\">\n\t\t\t\t<div class=\"elementor-widget-container\">\n\t\t\t\t\t\t\t<div class=\"_3d-flip-book  fb3d-fullscreen-mode full-size\" data-id=\"2587\" data-mode=\"fullscreen\" data-title=\"false\" data-template=\"short-white-book-view\" data-lightbox=\"dark-shadow\" data-urlparam=\"fb3d-page\" data-page-n=\"0\" data-pdf=\"\" data-tax=\"null\" data-thumbnail=\"\" data-cols=\"3\" data-book-template=\"default\"><\/div><script type=\"text\/javascript\">window.FB3D_CLIENT_DATA = window.FB3D_CLIENT_DATA || [];window.FB3D_CLIENT_DATA.push('eyJwb3N0cyI6eyIyNTg3Ijp7IklEIjoyNTg3LCJ0aXRsZSI6Ik1hcmlhIFBsb2FlIGJvb2siLCJ0eXBlIjoicGRmIiwicmVhZHlfZnVuY3Rpb24iOiIiLCJib29rX3N0eWxlIjoiZmxhdCIsImJvb2tfdGVtcGxhdGUiOiJub25lIiwib3V0bGluZSI6W10sImRhdGEiOnsicG9zdF9JRCI6IjI1ODIiLCJndWlkIjoiaHR0cDpcL1wvbWFyZ2luZWFudS5yb1wvZnVuZGF0aWVcL3dwLWNvbnRlbnRcL3VwbG9hZHNcLzIwMjJcLzA0XC9NYXJpYV9QbG9hZV9wcmludF9jb21wcmVzc2VkLnBkZiIsInBkZl9wYWdlcyI6IjY1IiwicGFnZXNfY3VzdG9taXphdGlvbiI6Im5vbmUifSwidGh1bWJuYWlsIjp7ImRhdGEiOnsicG9zdF9JRCI6IjAifSwidHlwZSI6ImF1dG8ifSwicHJvcHMiOnsiY2FjaGVkUGFnZXMiOiJhdXRvIiwicmVuZGVySW5hY3RpdmVQYWdlcyI6ImF1dG8iLCJyZW5kZXJJbmFjdGl2ZVBhZ2VzT25Nb2JpbGUiOiJhdXRvIiwicmVuZGVyV2hpbGVGbGlwcGluZyI6ImF1dG8iLCJwcmVsb2FkUGFnZXMiOiJhdXRvIiwicnRsIjoiYXV0byIsImludGVyYWN0aXZlQ29ybmVycyI6ImF1dG8iLCJzaGVldCI6eyJzdGFydFZlbG9jaXR5IjoiYXV0byIsIndhdmUiOiJhdXRvIiwic2hhcGUiOiJhdXRvIiwid2lkdGhUZXhlbHMiOiJhdXRvIiwiY29sb3IiOiJhdXRvIiwic2lkZSI6ImF1dG8iLCJjb3JuZXJEZXZpYXRpb24iOiJhdXRvIiwiZmxleGliaWxpdHkiOiJhdXRvIiwiZmxleGlibGVDb3JuZXIiOiJhdXRvIiwiYmVuZGluZyI6ImF1dG8iLCJoZWlnaHRUZXhlbHMiOiJhdXRvIn0sImNvdmVyIjp7IndhdmUiOiJhdXRvIiwiY29sb3IiOiJhdXRvIiwiYmluZGVyVGV4dHVyZSI6ImF1dG8iLCJkZXB0aCI6ImF1dG8iLCJwYWRkaW5nIjoiYXV0byIsInN0YXJ0VmVsb2NpdHkiOiJhdXRvIiwiZmxleGliaWxpdHkiOiJhdXRvIiwiZmxleGlibGVDb3JuZXIiOiJhdXRvIiwiYmVuZGluZyI6ImF1dG8iLCJ3aWR0aFRleGVscyI6ImF1dG8iLCJoZWlnaHRUZXhlbHMiOiJhdXRvIiwibWFzcyI6ImF1dG8iLCJzaWRlIjoiYXV0byIsInNoYXBlIjoiYXV0byJ9LCJwYWdlIjp7IndhdmUiOiJhdXRvIiwiY29sb3IiOiJhdXRvIiwiZGVwdGgiOiJhdXRvIiwic3RhcnRWZWxvY2l0eSI6ImF1dG8iLCJmbGV4aWJpbGl0eSI6ImF1dG8iLCJmbGV4aWJsZUNvcm5lciI6ImF1dG8iLCJiZW5kaW5nIjoiYXV0byIsIndpZHRoVGV4ZWxzIjoiYXV0byIsImhlaWdodFRleGVscyI6ImF1dG8iLCJtYXNzIjoiYXV0byIsInNpZGUiOiJhdXRvIiwic2hhcGUiOiJhdXRvIn0sImhlaWdodCI6ImF1dG8iLCJ3aWR0aCI6ImF1dG8iLCJncmF2aXR5IjoiYXV0byIsInBhZ2VzRm9yUHJlZGljdGluZyI6ImF1dG8ifSwiY29udHJvbFByb3BzIjp7ImFjdGlvbnMiOnsiY21kU2F2ZSI6eyJlbmFibGVkIjoiYXV0byIsImVuYWJsZWRJbk5hcnJvdyI6ImF1dG8ifSwiY21kUHJpbnQiOnsiZW5hYmxlZCI6ImF1dG8iLCJlbmFibGVkSW5OYXJyb3ciOiJhdXRvIn0sImNtZFNpbmdsZVBhZ2UiOnsiZW5hYmxlZCI6ImF1dG8iLCJlbmFibGVkSW5OYXJyb3ciOiJhdXRvIiwiYWN0aXZlIjoiYXV0byIsImFjdGl2ZUZvck1vYmlsZSI6ImF1dG8ifX19LCJhdXRvVGh1bWJuYWlsIjoiaHR0cDpcL1wvbWFyZ2luZWFudS5yb1wvZnVuZGF0aWVcL3dwLWNvbnRlbnRcL3VwbG9hZHNcLzNkLWZsaXAtYm9va1wvYXV0by10aHVtYm5haWxzXC8yNTg3LnBuZyIsInBvc3RfbmFtZSI6Im1hcmlhLXBsb2FlLWJvb2siLCJwb3N0X3R5cGUiOiIzZC1mbGlwLWJvb2sifX0sInBhZ2VzIjpbXSwiZmlyc3RQYWdlcyI6W119');window.FB3D_CLIENT_LOCALE && window.FB3D_CLIENT_LOCALE.render();<\/script>\t\t\t\t\t\t<\/div>\n\t\t\t\t<\/div>\n\t\t\t\t\t<\/div>\n\t\t<\/div>\n\t\t\t\t\t\t\t<\/div>\n\t\t<\/section>\n\t\t\t\t\t\t\t<\/div>\n\t\t","protected":false},"excerpt":{"rendered":"<p>Maria Ploae N\u0103scut\u0103 \u00een 19 februarie, 1951 la Bucure\u015fti. Institutul de Art\u0103 Teatral\u0103 \u015fi Cinematografic\u0103 \u201eIon Luca Caragiale\u201d. A fost angajat\u0103 la [&hellip;]<\/p>\n","protected":false},"author":1,"featured_media":0,"parent":0,"menu_order":0,"comment_status":"closed","ping_status":"closed","template":"","meta":{"footnotes":""},"acf":[],"_links":{"self":[{"href":"http:\/\/margineanu.ro\/fundatie\/wp-json\/wp\/v2\/pages\/1927"}],"collection":[{"href":"http:\/\/margineanu.ro\/fundatie\/wp-json\/wp\/v2\/pages"}],"about":[{"href":"http:\/\/margineanu.ro\/fundatie\/wp-json\/wp\/v2\/types\/page"}],"author":[{"embeddable":true,"href":"http:\/\/margineanu.ro\/fundatie\/wp-json\/wp\/v2\/users\/1"}],"replies":[{"embeddable":true,"href":"http:\/\/margineanu.ro\/fundatie\/wp-json\/wp\/v2\/comments?post=1927"}],"version-history":[{"count":61,"href":"http:\/\/margineanu.ro\/fundatie\/wp-json\/wp\/v2\/pages\/1927\/revisions"}],"predecessor-version":[{"id":2594,"href":"http:\/\/margineanu.ro\/fundatie\/wp-json\/wp\/v2\/pages\/1927\/revisions\/2594"}],"wp:attachment":[{"href":"http:\/\/margineanu.ro\/fundatie\/wp-json\/wp\/v2\/media?parent=1927"}],"curies":[{"name":"wp","href":"https:\/\/api.w.org\/{rel}","templated":true}]}}