{"id":1756,"date":"2022-04-12T10:24:56","date_gmt":"2022-04-12T10:24:56","guid":{"rendered":"http:\/\/margineanu.ro\/fundatie\/?page_id=1756"},"modified":"2022-04-29T08:49:47","modified_gmt":"2022-04-29T08:49:47","slug":"despre-petru-margineanu","status":"publish","type":"page","link":"http:\/\/margineanu.ro\/fundatie\/despre-petru-margineanu\/","title":{"rendered":"Despre Petru Margineanu"},"content":{"rendered":"\t\t<div data-elementor-type=\"wp-page\" data-elementor-id=\"1756\" class=\"elementor elementor-1756\">\n\t\t\t\t\t\t\t\t\t<section class=\"elementor-section elementor-top-section elementor-element elementor-element-4b07754d elementor-section-full_width elementor-section-height-default elementor-section-height-default\" data-id=\"4b07754d\" data-element_type=\"section\">\n\t\t\t\t\t\t<div class=\"elementor-container elementor-column-gap-default\">\n\t\t\t\t\t<div class=\"elementor-column elementor-col-100 elementor-top-column elementor-element elementor-element-381d6a00\" data-id=\"381d6a00\" data-element_type=\"column\">\n\t\t\t<div class=\"elementor-widget-wrap elementor-element-populated\">\n\t\t\t\t\t\t\t\t<div class=\"elementor-element elementor-element-35267eb button_back_members elementor-widget elementor-widget-button\" data-id=\"35267eb\" data-element_type=\"widget\" data-widget_type=\"button.default\">\n\t\t\t\t<div class=\"elementor-widget-container\">\n\t\t\t\t\t<div class=\"elementor-button-wrapper\">\n\t\t\t<a href=\"http:\/\/margineanu.ro\/fundatie\/membri\/\" class=\"elementor-button-link elementor-button elementor-size-sm\" role=\"button\">\n\t\t\t\t\t\t<span class=\"elementor-button-content-wrapper\">\n\t\t\t\t\t\t\t<span class=\"elementor-button-icon elementor-align-icon-left\">\n\t\t\t\t<i aria-hidden=\"true\" class=\"fas fa-arrow-left\"><\/i>\t\t\t<\/span>\n\t\t\t\t\t\t<span class=\"elementor-button-text\"><\/span>\n\t\t<\/span>\n\t\t\t\t\t<\/a>\n\t\t<\/div>\n\t\t\t\t<\/div>\n\t\t\t\t<\/div>\n\t\t\t\t<div class=\"elementor-element elementor-element-ecca492 elementor-widget elementor-widget-purehearts_portfolio_details\" data-id=\"ecca492\" data-element_type=\"widget\" data-widget_type=\"purehearts_portfolio_details.default\">\n\t\t\t\t<div class=\"elementor-widget-container\">\n\t\t\t\t\t\n        <!-- portfolio-details -->\n        <section class=\"portfolio-details\">\n            <div class=\"auto-container\">\n                <div class=\"row clearfix\">\n                    <div class=\"col-lg-8 col-md-12 col-sm-12 content-side\">\n                        <div class=\"portfolio-details-content\">\n                            <div class=\"inner-box\">\n                                <div class=\"text\">\n                                    <h2>Petru M\u0103rgineanu<\/h2>\n                                                                    <\/div>\n                                                                <div class=\"image-box\">\n                                    <div class=\"row clearfix\">\n                                                                                                                        <div class=\"col-lg-6 col-md-6 col-sm-12 image-column\">\n                                            <figure class=\"image\"><img decoding=\"async\" src=\"http:\/\/margineanu.ro\/fundatie\/wp-content\/uploads\/2022\/04\/IMG_9490_Original-scaled.jpg\" alt=\"Awesome Image\"><\/figure>\n                                        <\/div>\n                                                                            <\/div>\n                                <\/div>\n                                                                \n                                                                <div class=\"text project-summary\">\n                                    <h3><\/h3>\n                                    <p>Petru M\u0103rgineanu, n\u0103scut \u00een 1971, este absolvent al sec\u021biei de compozi\u021bie muzical\u0103 a Universit\u0103\u021bii Na\u021bionale de Muzic\u0103 Bucure\u0219ti.<br> A compus muzica a peste cincizeci de filme, seriale \u0219i piese de teatru. <br>A colaborat cu regizori ca Mircea Daneliuc, Nicolae M\u0103rgineanu, Sergiu Nicolaescu, \u0218erban Marinescu, Cristian Mungiu sau Ovidiu Georgescu.<br> A ob\u021binut numeroase premii pentru muzic\u0103 de film, printre care trei premii UCIN \u0219i un premiu APTR. \u00cen teatru a colaborat cu regizori ca Radu Apostol, C\u0103t\u0103lina Buzoianu, R\u0103zvan Mazilu sau Ana M\u0103rgineanu. \u00cen prezent este doctorand \u00een filmologie la Universitatea Na\u021bional\u0103 de Art\u0103 Teatral\u0103 \u0219i Cinematografic\u0103.<\/p>\n                                                                    <\/div>\n                                                            <\/div>\n                            \n                        <\/div>\n                    <\/div>\n                    <div class=\"col-lg-4 col-md-12 col-sm-12 sidebar-side\">\n                        <div class=\"portfolio-sidebar\">\n                            <div class=\"portfolio-info\">\n                                <ul class=\"info-list clearfix\">\n                                                                        <li>\n                                        <h5>Nume: Petru Margineanu<\/h5>\n                                        <p><\/p>\n                                    <\/li>\n                                                                        <li>\n                                        <h5>Statut: Membru fondator<\/h5>\n                                        <p><\/p>\n                                    <\/li>\n                                                                    <\/ul>\n                                <ul class=\"social-links clearfix\">\n                                                                        <li><a href=\"https:\/\/www.facebook.com\/\"><i class=\"fa fa fa-facebook-f\"><\/i><\/a><\/li>\n                                                                        <li><a href=\"https:\/\/www.twitter.com\/\"><i class=\"fa fa fa-twitter\"><\/i><\/a><\/li>\n                                                                        <li><a href=\"https:\/\/www.linkedin.com\/\"><i class=\"fa fa fa-linkedin\"><\/i><\/a><\/li>\n                                                                        <li><a href=\"https:\/\/www.pinterest.com\/\"><i class=\"fa fa fa-pinterest-p\"><\/i><\/a><\/li>\n                                                                    <\/ul>\n                            <\/div>\n                        <\/div>\n                    <\/div>\n                <\/div>\n            <\/div>\n        <\/section>\n        <!-- portfolio-details end -->\n                         \n        \t\t<\/div>\n\t\t\t\t<\/div>\n\t\t\t\t\t<\/div>\n\t\t<\/div>\n\t\t\t\t\t\t\t<\/div>\n\t\t<\/section>\n\t\t\t\t\t\t\t<\/div>\n\t\t","protected":false},"excerpt":{"rendered":"<p>Petru M\u0103rgineanu Petru M\u0103rgineanu, n\u0103scut \u00een 1971, este absolvent al sec\u021biei de compozi\u021bie muzical\u0103 a Universit\u0103\u021bii Na\u021bionale de Muzic\u0103 Bucure\u0219ti. A compus [&hellip;]<\/p>\n","protected":false},"author":1,"featured_media":0,"parent":0,"menu_order":0,"comment_status":"closed","ping_status":"closed","template":"","meta":{"footnotes":""},"acf":[],"_links":{"self":[{"href":"http:\/\/margineanu.ro\/fundatie\/wp-json\/wp\/v2\/pages\/1756"}],"collection":[{"href":"http:\/\/margineanu.ro\/fundatie\/wp-json\/wp\/v2\/pages"}],"about":[{"href":"http:\/\/margineanu.ro\/fundatie\/wp-json\/wp\/v2\/types\/page"}],"author":[{"embeddable":true,"href":"http:\/\/margineanu.ro\/fundatie\/wp-json\/wp\/v2\/users\/1"}],"replies":[{"embeddable":true,"href":"http:\/\/margineanu.ro\/fundatie\/wp-json\/wp\/v2\/comments?post=1756"}],"version-history":[{"count":39,"href":"http:\/\/margineanu.ro\/fundatie\/wp-json\/wp\/v2\/pages\/1756\/revisions"}],"predecessor-version":[{"id":2623,"href":"http:\/\/margineanu.ro\/fundatie\/wp-json\/wp\/v2\/pages\/1756\/revisions\/2623"}],"wp:attachment":[{"href":"http:\/\/margineanu.ro\/fundatie\/wp-json\/wp\/v2\/media?parent=1756"}],"curies":[{"name":"wp","href":"https:\/\/api.w.org\/{rel}","templated":true}]}}