{"id":1676,"date":"2022-04-12T08:57:09","date_gmt":"2022-04-12T08:57:09","guid":{"rendered":"http:\/\/margineanu.ro\/fundatie\/?page_id=1676"},"modified":"2022-05-04T05:54:37","modified_gmt":"2022-05-04T05:54:37","slug":"about-cristina-anisescu","status":"publish","type":"page","link":"http:\/\/margineanu.ro\/fundatie\/about-cristina-anisescu\/","title":{"rendered":"About Cristina Anisescu"},"content":{"rendered":"\t\t<div data-elementor-type=\"wp-page\" data-elementor-id=\"1676\" class=\"elementor elementor-1676\">\n\t\t\t\t\t\t\t\t\t<section class=\"elementor-section elementor-top-section elementor-element elementor-element-21c5aef7 elementor-section-full_width elementor-section-height-default elementor-section-height-default\" data-id=\"21c5aef7\" data-element_type=\"section\">\n\t\t\t\t\t\t<div class=\"elementor-container elementor-column-gap-default\">\n\t\t\t\t\t<div class=\"elementor-column elementor-col-100 elementor-top-column elementor-element elementor-element-3eeecc9b\" data-id=\"3eeecc9b\" data-element_type=\"column\">\n\t\t\t<div class=\"elementor-widget-wrap elementor-element-populated\">\n\t\t\t\t\t\t\t\t<div class=\"elementor-element elementor-element-f914045 button_back_members elementor-widget elementor-widget-button\" data-id=\"f914045\" data-element_type=\"widget\" data-widget_type=\"button.default\">\n\t\t\t\t<div class=\"elementor-widget-container\">\n\t\t\t\t\t<div class=\"elementor-button-wrapper\">\n\t\t\t<a href=\"http:\/\/margineanu.ro\/fundatie\/membri\/\" class=\"elementor-button-link elementor-button elementor-size-sm\" role=\"button\">\n\t\t\t\t\t\t<span class=\"elementor-button-content-wrapper\">\n\t\t\t\t\t\t\t<span class=\"elementor-button-icon elementor-align-icon-left\">\n\t\t\t\t<i aria-hidden=\"true\" class=\"fas fa-arrow-left\"><\/i>\t\t\t<\/span>\n\t\t\t\t\t\t<span class=\"elementor-button-text\"><\/span>\n\t\t<\/span>\n\t\t\t\t\t<\/a>\n\t\t<\/div>\n\t\t\t\t<\/div>\n\t\t\t\t<\/div>\n\t\t\t\t<div class=\"elementor-element elementor-element-4529fac4 elementor-widget elementor-widget-purehearts_portfolio_details\" data-id=\"4529fac4\" data-element_type=\"widget\" data-widget_type=\"purehearts_portfolio_details.default\">\n\t\t\t\t<div class=\"elementor-widget-container\">\n\t\t\t\t\t\n        <!-- portfolio-details -->\n        <section class=\"portfolio-details\">\n            <div class=\"auto-container\">\n                <div class=\"row clearfix\">\n                    <div class=\"col-lg-8 col-md-12 col-sm-12 content-side\">\n                        <div class=\"portfolio-details-content\">\n                            <div class=\"inner-box\">\n                                <div class=\"text\">\n                                    <h2>Cristina Anisescu<\/h2>\n                                                                    <\/div>\n                                                                <div class=\"image-box\">\n                                    <div class=\"row clearfix\">\n                                                                                                                        <div class=\"col-lg-6 col-md-6 col-sm-12 image-column\">\n                                            <figure class=\"image\"><img decoding=\"async\" src=\"http:\/\/margineanu.ro\/fundatie\/wp-content\/uploads\/2022\/04\/Untitled.png\" alt=\"Awesome Image\"><\/figure>\n                                        <\/div>\n                                                                            <\/div>\n                                <\/div>\n                                                                \n                                                                <div class=\"text project-summary\">\n                                    <h3><\/h3>\n                                    <p>Dr. psihologie, \u015fef Serviciu Programe Educa\u0163ionale, Direc\u0163ia Cercetare,\nExpozi\u0163ii, Publica\u0163ii \u015fi coordonator al Centrului de Istorie Oral\u0103, Consiliul Na\u0163ional pentru\nStudierea Arhivelor Securit\u0103\u0163ii (2000-prezent).<br> De asemenea, este psihoterapeut acreditat\nde Comisia Clinic\u0103 \u015fi Psihoterapie, Colegiul Psihologilor din Rom\u00e2nia \u00een domeniul\npsihoterapiei psihanalitice, supervizor psihoterapie analitic\u0103, cu experien\u0163\u0103 \u00een psihologie\nclinic\u0103 \u015fi social\u0103 de peste 20 de ani.\n\n<p><strong>&nbsp;<\/strong><\/p>\n<p><strong>&nbsp;<\/strong><\/p>\n<p><strong>Volume publicate:<\/strong><\/p>\n<ul>\n<li class=\"orange_bird\"><p><em>Nicolae M\u0103rgineanu. Un psiholog &icirc;n temni\u0163ele comuniste. Documente preluate din Arhiva CNSAS<\/em>, Editura Polirom, Ia\u015fi, 2006 (editor);<\/li><li class=\"orange_bird\"><em>&bdquo;Partiturile&rdquo; Securit\u0103\u0163ii. Directive, ordine, instruc\u0163iuni (1947-1987)<\/em>, Editura Nemira, Bucure\u015fti, 2007 (coeditor);<\/li>\n<li class=\"orange_bird\"><em>Pseudomemoriile unui general de Securitate<\/em>, Editura Humanitas, Bucure\u015fti, 2007 (coeditor);<\/li> <li class=\"orange_bird\">Masoneria &icirc;n Transilvania. Repere istorice, Editura Argonaut, 2011 (coautor)<strong>; <\/strong><\/li><li class=\"orange_bird\"><em>&Icirc;nv\u0103\u0163&acirc;nd istoria prin experien\u0163ele trecutului. Cet\u0103\u0163eni obi\u015fnui\u0163i supraveghea\u0163i de Securitate &icirc;n anii &rsquo;70-&rsquo;80<\/em>, Editura CNSAS, Bucure\u015fti, 2009 (coautor)<\/li>\n<li class=\"orange_bird\"> <a href=\"https:\/\/www.postmodernism.ro\/cultura-de-masa-in-epoca-de-aur-cintarea-romaniei-cenaclul-flacara-carte\/\"><em>&bdquo;Cultura de mas\u0103 &icirc;n &bdquo;Epoca de Aur&rdquo;: C&icirc;ntarea Rom&acirc;niei &amp; Cenaclul Flac\u0103ra&rdquo;,<\/em><\/a> PostModernism Museum (coauthor), 2019.<\/p><\/li><\/ul><\/p>\n                                                                    <\/div>\n                                                            <\/div>\n                            \n                        <\/div>\n                    <\/div>\n                    <div class=\"col-lg-4 col-md-12 col-sm-12 sidebar-side\">\n                        <div class=\"portfolio-sidebar\">\n                            <div class=\"portfolio-info\">\n                                <ul class=\"info-list clearfix\">\n                                                                        <li>\n                                        <h5>Nume<\/h5>\n                                        <p>Cristina Anisescu<\/p>\n                                    <\/li>\n                                                                        <li>\n                                        <h5>Statut:<\/h5>\n                                        <p>Membru fondator<\/p>\n                                    <\/li>\n                                                                    <\/ul>\n                                <ul class=\"social-links clearfix\">\n                                                                        <li><a href=\"https:\/\/www.pinterest.com\/\"><i class=\"fa fa fa-pinterest-p\"><\/i><\/a><\/li>\n                                                                    <\/ul>\n                            <\/div>\n                        <\/div>\n                    <\/div>\n                <\/div>\n            <\/div>\n        <\/section>\n        <!-- portfolio-details end -->\n                         \n        \t\t<\/div>\n\t\t\t\t<\/div>\n\t\t\t\t\t<\/div>\n\t\t<\/div>\n\t\t\t\t\t\t\t<\/div>\n\t\t<\/section>\n\t\t\t\t\t\t\t<\/div>\n\t\t","protected":false},"excerpt":{"rendered":"<p>Cristina Anisescu Dr. psihologie, \u015fef Serviciu Programe Educa\u0163ionale, Direc\u0163ia Cercetare, Expozi\u0163ii, Publica\u0163ii \u015fi coordonator al Centrului de Istorie Oral\u0103, Consiliul Na\u0163ional pentru [&hellip;]<\/p>\n","protected":false},"author":1,"featured_media":0,"parent":0,"menu_order":0,"comment_status":"closed","ping_status":"closed","template":"","meta":{"footnotes":""},"acf":[],"_links":{"self":[{"href":"http:\/\/margineanu.ro\/fundatie\/wp-json\/wp\/v2\/pages\/1676"}],"collection":[{"href":"http:\/\/margineanu.ro\/fundatie\/wp-json\/wp\/v2\/pages"}],"about":[{"href":"http:\/\/margineanu.ro\/fundatie\/wp-json\/wp\/v2\/types\/page"}],"author":[{"embeddable":true,"href":"http:\/\/margineanu.ro\/fundatie\/wp-json\/wp\/v2\/users\/1"}],"replies":[{"embeddable":true,"href":"http:\/\/margineanu.ro\/fundatie\/wp-json\/wp\/v2\/comments?post=1676"}],"version-history":[{"count":109,"href":"http:\/\/margineanu.ro\/fundatie\/wp-json\/wp\/v2\/pages\/1676\/revisions"}],"predecessor-version":[{"id":2811,"href":"http:\/\/margineanu.ro\/fundatie\/wp-json\/wp\/v2\/pages\/1676\/revisions\/2811"}],"wp:attachment":[{"href":"http:\/\/margineanu.ro\/fundatie\/wp-json\/wp\/v2\/media?parent=1676"}],"curies":[{"name":"wp","href":"https:\/\/api.w.org\/{rel}","templated":true}]}}