{"id":1657,"date":"2022-04-12T08:47:34","date_gmt":"2022-04-12T08:47:34","guid":{"rendered":"http:\/\/margineanu.ro\/fundatie\/?page_id=1657"},"modified":"2022-04-19T11:22:57","modified_gmt":"2022-04-19T11:22:57","slug":"despre-nicolae-d-margineanu","status":"publish","type":"page","link":"http:\/\/margineanu.ro\/fundatie\/despre-nicolae-d-margineanu\/","title":{"rendered":"Despre Nicolae D Margineanu"},"content":{"rendered":"\t\t<div data-elementor-type=\"wp-page\" data-elementor-id=\"1657\" class=\"elementor elementor-1657\">\n\t\t\t\t\t\t\t\t\t<section class=\"elementor-section elementor-top-section elementor-element elementor-element-4ce8dc46 elementor-section-full_width elementor-section-height-default elementor-section-height-default\" data-id=\"4ce8dc46\" data-element_type=\"section\">\n\t\t\t\t\t\t<div class=\"elementor-container elementor-column-gap-default\">\n\t\t\t\t\t<div class=\"elementor-column elementor-col-100 elementor-top-column elementor-element elementor-element-698a550d\" data-id=\"698a550d\" data-element_type=\"column\">\n\t\t\t<div class=\"elementor-widget-wrap elementor-element-populated\">\n\t\t\t\t\t\t\t\t<div class=\"elementor-element elementor-element-e403510 button_back_members elementor-widget elementor-widget-button\" data-id=\"e403510\" data-element_type=\"widget\" data-widget_type=\"button.default\">\n\t\t\t\t<div class=\"elementor-widget-container\">\n\t\t\t\t\t<div class=\"elementor-button-wrapper\">\n\t\t\t<a href=\"http:\/\/margineanu.ro\/fundatie\/membri\/\" class=\"elementor-button-link elementor-button elementor-size-sm\" role=\"button\">\n\t\t\t\t\t\t<span class=\"elementor-button-content-wrapper\">\n\t\t\t\t\t\t\t<span class=\"elementor-button-icon elementor-align-icon-left\">\n\t\t\t\t<i aria-hidden=\"true\" class=\"fas fa-arrow-left\"><\/i>\t\t\t<\/span>\n\t\t\t\t\t\t<span class=\"elementor-button-text\"><\/span>\n\t\t<\/span>\n\t\t\t\t\t<\/a>\n\t\t<\/div>\n\t\t\t\t<\/div>\n\t\t\t\t<\/div>\n\t\t\t\t<div class=\"elementor-element elementor-element-2e47c3c3 elementor-widget elementor-widget-purehearts_portfolio_details\" data-id=\"2e47c3c3\" data-element_type=\"widget\" data-widget_type=\"purehearts_portfolio_details.default\">\n\t\t\t\t<div class=\"elementor-widget-container\">\n\t\t\t\t\t\n        <!-- portfolio-details -->\n        <section class=\"portfolio-details\">\n            <div class=\"auto-container\">\n                <div class=\"row clearfix\">\n                    <div class=\"col-lg-8 col-md-12 col-sm-12 content-side\">\n                        <div class=\"portfolio-details-content\">\n                            <div class=\"inner-box\">\n                                <div class=\"text\">\n                                    <h2>Nicolae D Margineanu<\/h2>\n                                                                    <\/div>\n                                                                <div class=\"image-box\">\n                                    <div class=\"row clearfix\">\n                                                                                                                        <div class=\"col-lg-6 col-md-6 col-sm-12 image-column\">\n                                            <figure class=\"image\"><img decoding=\"async\" src=\"http:\/\/margineanu.ro\/fundatie\/wp-content\/uploads\/2022\/04\/NICOLAE-Dinu-MARGINEANU-1.jpg\" alt=\"Awesome Image\"><\/figure>\n                                        <\/div>\n                                                                            <\/div>\n                                <\/div>\n                                                                \n                                                                <div class=\"text project-summary\">\n                                    <h3><\/h3>\n                                    <p>N\u00e3scut \u00een anul 1938 la Cluj.\n1968 - Institutul de Teatru si Cinematografie I.L.Caragiale, sec\u0163ia imagine film.<br>\nA semnat imaginea la 9 filme de lung metraj .\nDin 1978 lucreaz\u0103 ca regizor de film.<br> A realizat 15 filme artistice de lung metraj \u0219i peste zece filme documentare.\n<br>\n<a id=\"movies_container\"><i class=\"fa fa-solid fa-film\"><\/i> Filme<\/a>\n<\/p>\n                                                                    <\/div>\n                                                            <\/div>\n                            \n                        <\/div>\n                    <\/div>\n                    <div class=\"col-lg-4 col-md-12 col-sm-12 sidebar-side\">\n                        <div class=\"portfolio-sidebar\">\n                            <div class=\"portfolio-info\">\n                                <ul class=\"info-list clearfix\">\n                                                                        <li>\n                                        <h5>Nume : Margineanu D<\/h5>\n                                        <p><\/p>\n                                    <\/li>\n                                                                        <li>\n                                        <h5>Statut : Pre\u0219edinte Consiliu Director<\/h5>\n                                        <p><\/p>\n                                    <\/li>\n                                                                    <\/ul>\n                                <ul class=\"social-links clearfix\">\n                                                                        <li><a href=\"https:\/\/www.facebook.com\/\"><i class=\"fa fa fa-facebook-f\"><\/i><\/a><\/li>\n                                                                        <li><a href=\"https:\/\/www.twitter.com\/\"><i class=\"fa fa fa-twitter\"><\/i><\/a><\/li>\n                                                                        <li><a href=\"https:\/\/www.linkedin.com\/\"><i class=\"fa fa fa-linkedin\"><\/i><\/a><\/li>\n                                                                        <li><a href=\"https:\/\/www.pinterest.com\/\"><i class=\"fa fa fa-pinterest-p\"><\/i><\/a><\/li>\n                                                                    <\/ul>\n                            <\/div>\n                        <\/div>\n                    <\/div>\n                <\/div>\n            <\/div>\n        <\/section>\n        <!-- portfolio-details end -->\n                         \n        \t\t<\/div>\n\t\t\t\t<\/div>\n\t\t\t\t\t<\/div>\n\t\t<\/div>\n\t\t\t\t\t\t\t<\/div>\n\t\t<\/section>\n\t\t\t\t\t\t\t<\/div>\n\t\t","protected":false},"excerpt":{"rendered":"<p>Nicolae D Margineanu N\u00e3scut \u00een anul 1938 la Cluj. 1968 &#8211; Institutul de Teatru si Cinematografie I.L.Caragiale, sec\u0163ia imagine film. A semnat [&hellip;]<\/p>\n","protected":false},"author":1,"featured_media":0,"parent":0,"menu_order":0,"comment_status":"closed","ping_status":"closed","template":"","meta":{"footnotes":""},"acf":[],"_links":{"self":[{"href":"http:\/\/margineanu.ro\/fundatie\/wp-json\/wp\/v2\/pages\/1657"}],"collection":[{"href":"http:\/\/margineanu.ro\/fundatie\/wp-json\/wp\/v2\/pages"}],"about":[{"href":"http:\/\/margineanu.ro\/fundatie\/wp-json\/wp\/v2\/types\/page"}],"author":[{"embeddable":true,"href":"http:\/\/margineanu.ro\/fundatie\/wp-json\/wp\/v2\/users\/1"}],"replies":[{"embeddable":true,"href":"http:\/\/margineanu.ro\/fundatie\/wp-json\/wp\/v2\/comments?post=1657"}],"version-history":[{"count":37,"href":"http:\/\/margineanu.ro\/fundatie\/wp-json\/wp\/v2\/pages\/1657\/revisions"}],"predecessor-version":[{"id":2465,"href":"http:\/\/margineanu.ro\/fundatie\/wp-json\/wp\/v2\/pages\/1657\/revisions\/2465"}],"wp:attachment":[{"href":"http:\/\/margineanu.ro\/fundatie\/wp-json\/wp\/v2\/media?parent=1657"}],"curies":[{"name":"wp","href":"https:\/\/api.w.org\/{rel}","templated":true}]}}